{"id":1323,"date":"2023-06-23T15:27:05","date_gmt":"2023-06-23T15:27:05","guid":{"rendered":"https:\/\/vrwanju.com\/?post_type=product&#038;p=1323"},"modified":"2026-04-06T09:59:00","modified_gmt":"2026-04-06T09:59:00","slug":"intuos-ctl-6100wl-e0-c-medium-bluetooth-graphic-tablet-pistachio","status":"publish","type":"product","link":"https:\/\/vrwanju.com\/en\/product\/intuos-ctl-6100wl-e0-c-medium-bluetooth-graphic-tablet-pistachio\/","title":{"rendered":"Intuos CTL-6100WL\/E0-C Medium Bluetooth Graphic Tablet &#8211; Pistachio"},"content":{"rendered":"<div data-elementor-type=\"wp-post\" data-elementor-id=\"1323\" class=\"elementor elementor-1323\">\n\t\t\t\t\t\t<section class=\"elementor-section elementor-top-section elementor-element elementor-element-4eafc6d elementor-section-boxed elementor-section-height-default elementor-section-height-default\" data-id=\"4eafc6d\" data-element_type=\"section\">\n\t\t\t\t\t\t<div class=\"elementor-container elementor-column-gap-default\">\n\t\t\t\t\t<div class=\"elementor-column elementor-col-100 elementor-top-column elementor-element elementor-element-2610c77\" data-id=\"2610c77\" data-element_type=\"column\">\n\t\t\t<div class=\"elementor-widget-wrap elementor-element-populated\">\n\t\t\t\t\t\t<div class=\"elementor-element elementor-element-9fa4bde elementor-widget elementor-widget-image-gallery\" data-id=\"9fa4bde\" data-element_type=\"widget\" data-widget_type=\"image-gallery.default\">\n\t\t\t\t<div class=\"elementor-widget-container\">\n\t\t\t\t\t\t\t<div class=\"elementor-image-gallery\">\n\t\t\t\t\t<\/div>\n\t\t\t\t\t\t<\/div>\n\t\t\t\t<\/div>\n\t\t\t\t\t<\/div>\n\t\t<\/div>\n\t\t\t\t\t<\/div>\n\t\t<\/section>\n\t\t\t\t<\/div>","protected":false},"excerpt":{"rendered":"<h3><strong>Wacom Intuos CTL-6100WL\/E0-C \u84dd\u7259\u6570\u4f4d\u677f\uff08\u4e2d\u53f7\uff09\u2014\u2014\u65e0\u7ebf\u521b\u4f5c\u65b0\u4f53\u9a8c<\/strong><\/h3>\n<h4><strong>\u4ea7\u54c1\u4eae\u70b9<\/strong><\/h4>\n<p>\u2714 <strong>\u65e0\u7ebf\u84dd\u72595.0\u8fde\u63a5<\/strong> \u6700\u8fdc10\u7c73\u7a33\u5b9a\u4f20\u8f93<br \/>\n\u2714 <strong>4096\u7ea7\u538b\u611f\u7b14<\/strong> \u7cbe\u51c6\u8fd8\u539f\u7b14\u89e6\u53d8\u5316<br \/>\n\u2714 <strong>8.5\u00d75.3\u82f1\u5bf8\u5927\u5de5\u4f5c\u533a<\/strong> \u4e13\u4e1a\u7ea7\u7ed8\u56fe\u7a7a\u95f4<br \/>\n\u2714 <strong>\u8d85\u85848mm\u673a\u8eab<\/strong> \u4ec5\u91cd450g\u4fbf\u643a\u8bbe\u8ba1<br \/>\n\u2714 <strong>\u517c\u5bb9\u591a\u7cfb\u7edf<\/strong> Win\/macOS\/Android\/iOS<\/p>\n<h4><strong>\u4e13\u4e1a\u521b\u4f5c\u4f53\u9a8c<\/strong><\/h4>\n<ul>\n<li><strong>Wacom\u65e0\u6e90\u538b\u611f\u7b14<\/strong> \u65e0\u9700\u5145\u7535\uff0c\u5373\u62ff\u5373\u7528<\/li>\n<li><strong>\u503e\u659c\u8bc6\u522b\u529f\u80fd<\/strong> \u652f\u6301\u81ea\u7136\u7b14\u5237\u6548\u679c<\/li>\n<li><strong>\u78e8\u7802\u8868\u9762\u5904\u7406<\/strong> \u6a21\u62df\u771f\u5b9e\u7eb8\u5f20\u89e6\u611f<\/li>\n<li><strong>200\u70b9\/\u79d2\u8bfb\u53d6\u901f\u5ea6<\/strong> \u5b9e\u73b0\u96f6\u5ef6\u8fdf\u7ed8\u753b<\/li>\n<\/ul>\n<h4><strong>\u667a\u80fd\u529f\u80fd<\/strong><\/h4>\n<ul>\n<li><strong>4\u4e2a\u53ef\u81ea\u5b9a\u4e49\u5feb\u6377\u952e<\/strong> \u63d0\u5347\u5de5\u4f5c\u6548\u7387<\/li>\n<li><strong>Type-C\u63a5\u53e3<\/strong> \u652f\u6301\u6709\u7ebf\/\u65e0\u7ebf\u53cc\u6a21\u5f0f<\/li>\n<li><strong>\u84dd\u7259\u667a\u80fd\u7701\u7535\u6280\u672f<\/strong> \u8fde\u7eed\u4f7f\u752815\u5c0f\u65f6<\/li>\n<li><strong>\u591a\u8bbe\u5907\u8bb0\u5fc6\u529f\u80fd<\/strong> \u81ea\u52a8\u8bc6\u522b\u914d\u5bf9\u8bbe\u5907<\/li>\n<\/ul>\n<h4><strong>\u6280\u672f\u89c4\u683c<\/strong><\/h4>\n<p>\u25b8 \u538b\u611f\u7ea7\u522b\uff1a4096\u7ea7<br \/>\n\u25b8 \u6d3b\u52a8\u533a\u57df\uff1a216\u00d7135mm<br \/>\n\u25b8 \u5206\u8fa8\u7387\uff1a2540LPI<br \/>\n\u25b8 \u8bfb\u53d6\u9ad8\u5ea6\uff1a7mm<br \/>\n\u25b8 \u84dd\u7259\u7248\u672c\uff1a5.0<\/p>\n<h4><strong>\u5305\u88c5\u6e05\u5355<\/strong><\/h4>\n<ul>\n<li>Intuos CTL-6100WL\u6570\u4f4d\u677f<\/li>\n<li>Wacom\u538b\u611f\u7b14\uff08\u542b3\u652f\u66ff\u6362\u7b14\u82af\uff09<\/li>\n<li>USB-C\u6570\u636e\u7ebf\uff081.8\u7c73\uff09<\/li>\n<li>\u84dd\u7259\u63a5\u6536\u5668<\/li>\n<li>\u5feb\u901f\u5165\u95e8\u6307\u5357<\/li>\n<\/ul>\n<h3>Wacom Intuos CTL-6100WL\/E0-C Medium Bluetooth Graphic Tablet &#8211; Wireless Creative Freedom<\/h3>\n<h4>Professional-Grade Wireless Drawing Tablet<\/h4>\n<p>\u2713 <strong>Bluetooth 5.0 Connectivity<\/strong> &#8211; Work wirelessly up to 10m\/33ft away<br \/>\n\u2713 <strong>Medium Active Area (8.5\u00d75.3in\/216\u00d7135mm)<\/strong> &#8211; Spacious yet portable workspace<br \/>\n\u2713 <strong>Battery-Free EMR Pen<\/strong> &#8211; Always ready with 4,096 pressure levels<br \/>\n\u2713 <strong>Ultra-Slim 8mm Design<\/strong> &#8211; Weighs just 450g for easy portability<\/p>\n<h4>Premium Drawing Experience<\/h4>\n<p>\u2022 <strong>Natural Feel<\/strong> &#8211; Textured surface mimics paper resistance<br \/>\n\u2022 <strong>Tilt Recognition<\/strong> &#8211; For authentic brush stroke effects<br \/>\n\u2022 <strong>200 RPS Report Rate<\/strong> &#8211; Ultra-responsive with near-zero lag<br \/>\n\u2022 <strong>4 Customizable ExpressKeys<\/strong> &#8211; Program your workflow shortcuts<\/p>\n<h4>Smart Features<\/h4>\n<p>\u2605 <strong>Dual Connection Modes<\/strong> &#8211; Bluetooth or USB-C wired<br \/>\n\u2605 <strong>15-Hour Continuous Use<\/strong> &#8211; Smart power-saving technology<br \/>\n\u2605 <strong>Multi-Device Memory<\/strong> &#8211; Auto-connects to paired devices<br \/>\n\u2605 <strong>Universal Compatibility<\/strong> &#8211; Windows\/macOS\/Android\/iOS*<\/p>\n<h4>Tech Specs<\/h4>\n<p>\u25b6 Pressure Levels: 4,096<br \/>\n\u25b6 Resolution: 2,540 LPI<br \/>\n\u25b6 Reading Height: 7mm<br \/>\n\u25b6 Bluetooth Version: 5.0<br \/>\n\u25b6 Dimensions: 264\u00d7200\u00d78mm (10.4\u00d77.9\u00d70.3in)<\/p>","protected":false},"featured_media":1321,"comment_status":"open","ping_status":"closed","template":"","meta":[],"product_cat":[162],"product_tag":[],"class_list":{"0":"post-1323","1":"product","2":"type-product","3":"status-publish","4":"has-post-thumbnail","6":"product_cat-graphics-tablet","8":"first","9":"instock","10":"sale","11":"shipping-taxable","12":"purchasable","13":"product-type-simple"},"_links":{"self":[{"href":"https:\/\/vrwanju.com\/en\/wp-json\/wp\/v2\/product\/1323","targetHints":{"allow":["GET"]}}],"collection":[{"href":"https:\/\/vrwanju.com\/en\/wp-json\/wp\/v2\/product"}],"about":[{"href":"https:\/\/vrwanju.com\/en\/wp-json\/wp\/v2\/types\/product"}],"replies":[{"embeddable":true,"href":"https:\/\/vrwanju.com\/en\/wp-json\/wp\/v2\/comments?post=1323"}],"version-history":[{"count":6,"href":"https:\/\/vrwanju.com\/en\/wp-json\/wp\/v2\/product\/1323\/revisions"}],"predecessor-version":[{"id":1992,"href":"https:\/\/vrwanju.com\/en\/wp-json\/wp\/v2\/product\/1323\/revisions\/1992"}],"wp:featuredmedia":[{"embeddable":true,"href":"https:\/\/vrwanju.com\/en\/wp-json\/wp\/v2\/media\/1321"}],"wp:attachment":[{"href":"https:\/\/vrwanju.com\/en\/wp-json\/wp\/v2\/media?parent=1323"}],"wp:term":[{"taxonomy":"product_cat","embeddable":true,"href":"https:\/\/vrwanju.com\/en\/wp-json\/wp\/v2\/product_cat?post=1323"},{"taxonomy":"product_tag","embeddable":true,"href":"https:\/\/vrwanju.com\/en\/wp-json\/wp\/v2\/product_tag?post=1323"}],"curies":[{"name":"wp","href":"https:\/\/api.w.org\/{rel}","templated":true}]}}